{"id":1052,"date":"2014-06-23T22:45:38","date_gmt":"2014-06-23T20:45:38","guid":{"rendered":"http:\/\/kulturinderkirche.ch\/wordpress\/?page_id=1052"},"modified":"2025-04-12T12:01:12","modified_gmt":"2025-04-12T10:01:12","slug":"impressum","status":"publish","type":"page","link":"https:\/\/www.kulturinderkirche.ch\/wordpress\/?page_id=1052","title":{"rendered":"IMPRESSUM"},"content":{"rendered":"<div class=\"impressum\">\n<h2>Kontaktadresse<\/h2>\n<p>Kultur in der Kirche<\/p>\n<p>Hasliweg 4<\/p>\n<p>CH-3186 D\u00fcdingen<\/p>\n<p>&nbsp;<br \/>\nkontakt<font color=\"white\">i<img loading=\"lazy\" decoding=\"async\" src=\"https:\/\/www.kulturinderkirche.ch\/wordpress\/wp-content\/images\/mila15.jpg\" style=\"float: middle; margin: 0 0em 0em 0; \" width=\"12\" height=\"14\">i<\/font>kulturinderkirche<font color=\"white\">.<\/font>. ch<br \/>\n&nbsp;<\/p>\n<h2>Verantwortliche Personen<\/h2>\n<p>J\u00fcre Antener (Gr\u00fcndungsmitglied)<br \/>\nJ\u00fcrg Reber<br \/>\nElisabeth Kolly-Bapst<br \/>\nNathalie B\u00e4chler<br \/>\nSeverin Birbaum<br \/>\nIsabelle Schaller-Gilg<br \/>\nIsabelle Hayoz<\/p>\n<p>&nbsp;<\/p>\n<h2>Haftungsausschluss<\/h2>\n<p>\u2018Kultur in der Kirche\u2019 \u00fcbernimmt keinerlei Gew\u00e4hr hinsichtlich der inhaltlichen Richtigkeit, Genauigkeit, Aktualit\u00e4t, Zuverl\u00e4ssigkeit und Vollst\u00e4ndigkeit der Informationen. Haftungsanspr\u00fcche gegen den Autor wegen Sch\u00e4den materieller oder immaterieller Art, welche aus dem Zugriff oder der Nutzung bzw. Nichtnutzung der ver\u00f6ffentlichten Informationen, durch Missbrauch der Verbindung oder durch technische St\u00f6rungen entstanden sind, werden ausgeschlossen. Alle Angebote sind unverbindlich. \u2018Kultur in der Kirche\u2019 beh\u00e4lt sich ausdr\u00fccklich vor, Teile der Seiten oder das gesamte Angebot ohne gesonderte Ank\u00fcndigung zu ver\u00e4ndern, zu erg\u00e4nzen, zu l\u00f6schen oder die Ver\u00f6ffentlichung zeitweise oder endg\u00fcltig einzustellen.<\/p>\n<p>&nbsp;<\/p>\n<h2>Datenschutz<\/h2>\n<p>Gest\u00fctzt auf Artikel 13 der schweizerischen Bundesverfassung  und die datenschutzrechtlichen Bestimmungen des Bundes (Datenschutzgesetz, DSG)  hat jede Person Anspruch auf Schutz ihrer Privatsph\u00e4re sowie auf Schutz vor  Missbrauch ihrer pers\u00f6nlichen Daten. Wir halten diese Bestimmungen ein.  Pers\u00f6nliche Daten werden streng vertraulich behandelt und weder an Dritte  verkauft noch weiter gegeben.<\/p>\n<p>Wir bem\u00fchen uns, die Datenbanken so gut wie m\u00f6glich vor fremden Zugriffen, Verlusten, Missbrauch oder vor F\u00e4lschung zu sch\u00fctzen. Ein Teil davon liegt im Verantwortungsbereich unseres Providers senselan.ch, welchen wir nicht direkt beeinflussen k\u00f6nnen.<\/p>\n<p>&nbsp;<\/p>\n<h2>Urheberrechte<\/h2>\n<p>Die Urheber- und alle anderen Rechte an allen Inhalten auf der Website geh\u00f6ren ausschliesslich <strong>Kultur in der Kirche<\/strong>. Ohne anderslautende Angabe liegen die Rechte an den Fotos der auftretenden K\u00fcnstler grunds\u00e4tzlich bei diesen respektive ihren Agenturen. F\u00fcr die Reproduktion jeglicher Elemente ist die schriftliche Zustimmung der Urheberrechtstr\u00e4ger einzuholen.<\/p>\n<p>&nbsp;<\/p>\n<h2>Haftung f\u00fcr Links<\/h2>\n<p>Zu den Links auf andere Webseiten betonen wir ausdr\u00fccklich, dass \u2018Kultur in der Kirche\u2019 keinen Einfluss auf die Gestaltung und den Inhalt dieser Seiten hat, auf die verlinkt wird. \u2018Kultur in der Kirche\u2019 \u00fcbernimmt daher keine Gew\u00e4hr f\u00fcr die Aktualit\u00e4t, Richtigkeit, Vollst\u00e4ndigkeit oder Qualit\u00e4t der dort bereitgestellten Informationen und distanziert sich hiermit ausdr\u00fccklich von allen Inhalten dieser Seiten. Diese Erkl\u00e4rung gilt f\u00fcr alle bei www.kulturinderkirche.ch enthaltenen Links zu externen Seiten und alle Inhalte dieser Seiten, zu denen diese Links f\u00fchren.<\/p>\n<p>Verweise und Links auf Webseiten Dritter liegen ausserhalb unseres Verantwortungsbereichs. \u2018Kultur in der Kirche\u2019 \u00fcbernimmt daher keine Gew\u00e4hr f\u00fcr die Aktualit\u00e4t, Richtigkeit, Vollst\u00e4ndigkeit oder Qualit\u00e4t der dort bereitgestellten Informationen und distanziert sich hiermit ausdr\u00fccklich von allen Inhalten dieser Seiten. Der Zugriff auf solche Webseiten erfolgt auf eigene Gefahr des Nutzers oder der Nutzerin.<\/p>\n<\/div>\n<p>&nbsp;<\/p>\n<p>&nbsp;<\/p>\n<p>&nbsp;<\/p>\n","protected":false},"excerpt":{"rendered":"<p>Kontaktadresse Kultur in der Kirche Hasliweg 4 CH-3186 D\u00fcdingen &nbsp; kontaktiikulturinderkirche.. ch &nbsp; Verantwortliche Personen J\u00fcre Antener (Gr\u00fcndungsmitglied) J\u00fcrg Reber Elisabeth Kolly-Bapst Nathalie B\u00e4chler Severin Birbaum Isabelle Schaller-Gilg Isabelle Hayoz &nbsp; Haftungsausschluss \u2018Kultur in der Kirche\u2019 \u00fcbernimmt keinerlei Gew\u00e4hr hinsichtlich der inhaltlichen Richtigkeit, Genauigkeit, Aktualit\u00e4t, Zuverl\u00e4ssigkeit und Vollst\u00e4ndigkeit der Informationen. Haftungsanspr\u00fcche gegen den Autor wegen [&hellip;]<\/p>\n","protected":false},"author":1,"featured_media":0,"parent":0,"menu_order":0,"comment_status":"closed","ping_status":"open","template":"","meta":{"footnotes":""},"class_list":["post-1052","page","type-page","status-publish","hentry"],"aioseo_notices":[],"_links":{"self":[{"href":"https:\/\/www.kulturinderkirche.ch\/wordpress\/index.php?rest_route=\/wp\/v2\/pages\/1052","targetHints":{"allow":["GET"]}}],"collection":[{"href":"https:\/\/www.kulturinderkirche.ch\/wordpress\/index.php?rest_route=\/wp\/v2\/pages"}],"about":[{"href":"https:\/\/www.kulturinderkirche.ch\/wordpress\/index.php?rest_route=\/wp\/v2\/types\/page"}],"author":[{"embeddable":true,"href":"https:\/\/www.kulturinderkirche.ch\/wordpress\/index.php?rest_route=\/wp\/v2\/users\/1"}],"replies":[{"embeddable":true,"href":"https:\/\/www.kulturinderkirche.ch\/wordpress\/index.php?rest_route=%2Fwp%2Fv2%2Fcomments&post=1052"}],"version-history":[{"count":76,"href":"https:\/\/www.kulturinderkirche.ch\/wordpress\/index.php?rest_route=\/wp\/v2\/pages\/1052\/revisions"}],"predecessor-version":[{"id":3036,"href":"https:\/\/www.kulturinderkirche.ch\/wordpress\/index.php?rest_route=\/wp\/v2\/pages\/1052\/revisions\/3036"}],"wp:attachment":[{"href":"https:\/\/www.kulturinderkirche.ch\/wordpress\/index.php?rest_route=%2Fwp%2Fv2%2Fmedia&parent=1052"}],"curies":[{"name":"wp","href":"https:\/\/api.w.org\/{rel}","templated":true}]}}