{"id":1578,"date":"2015-09-11T22:39:05","date_gmt":"2015-09-11T20:39:05","guid":{"rendered":"http:\/\/kulturinderkirche.ch\/wordpress\/?page_id=1578"},"modified":"2015-10-13T14:50:24","modified_gmt":"2015-10-13T12:50:24","slug":"gutscheine","status":"publish","type":"page","link":"https:\/\/www.kulturinderkirche.ch\/wordpress\/?page_id=1578","title":{"rendered":"GUTSCHEINE"},"content":{"rendered":"<p>M\u00f6chten Sie jemandem eine kulturelle Freude bereiten? Dann verschenken Sie doch Gutscheine f\u00fcr Eintritte zu unseren Anl\u00e4ssen.<br \/>\nDie Gutscheine sind unpers\u00f6nlich und k\u00f6nnen an einem beliebigen Anlass an der Abendkasse eingel\u00f6st werden.<\/p>\n<p>&nbsp;<br \/>\n<img decoding=\"async\" src=\"http:\/\/www.kulturinderkirche.ch\/wordpress\/wp-content\/uploads\/2015\/09\/KidK-gutschein_eintritt.jpg\" alt=\"KidK Gutschein Eintritt\" \/><\/p>\n<p>&nbsp;<\/p>\n<h3><a name=\"#a2\">Allgemeine Infos<\/a><\/h3>\n<p>Die Gutscheine k\u00f6nnen jeweils direkt an der Abendkasse eingel\u00f6st werden. Sie sind 5 Jahre g\u00fcltig, unpers\u00f6nlich und somit frei \u00fcbertragbar. Falls Sie mit einem Gutschein einen Anlass mit Kollekte besuchen wollen, so ist dies auch m\u00f6glich. In diesem Fall legen Sie den Gutschein einfach am Ausgang in den Kollektenkorb und wir rechnen den entsprechenden Wert der Kollekte an.<\/p>\n<p>Bitte beachten Sie, dass ein Gutschein nicht automatische eine Platzgarantie bedeutet. Sie k\u00f6nnen aber eine <a href=\"https:\/\/www.kulturinderkirche.ch\/wordpress\/?page_id=19\">Billett-Reservation<\/a> vornehmen. So k\u00f6nnen Sie sicher gehen, am gew\u00fcnschten Abend auch Platz zu haben.<\/p>\n<p>&nbsp;<\/p>\n<h3><a name=\"#a1\">Verkauf<\/a><\/h3>\n<p>Bestellen Sie die Gutscheine direkt hier online. Wir senden sie Ihnen dann zusammen mit der Rechnung per A-Post zu.<br \/>\nAlternativ bieten wir die Gutscheine auch an der Abendkasse zum Verkauf an.<\/p>\n<p>&nbsp;<\/p>\n<h3><a name=\"#a2\">Preise<\/a><\/h3>\n<p>Ein Gutschein &#8220;Eintritt f\u00fcr Anlass nach freier Wahl&#8221; f\u00fcr Erwachsene kostet CHF 25.-, f\u00fcr Jugendliche CHF 15.-.<\/p>\n<p>&nbsp;<\/p>\n<h3><a name=\"#a1\">Online-Bestellung<\/a><\/h3>\n<p>Ich bestelle folgende Anzahl Gutscheine &#8220;Eintritt f\u00fcr Anlass nach freier Wahl&#8221;:<br \/>\n\n\n<!-- Fast Secure Contact Form plugin 4.0.52 - begin - FastSecureContactForm.com -->\r\n<div style=\"clear:both;\"><\/div>\n\r\n<div id=\"FSContact4\" style=\"width:99%; max-width:900px;\">\r\n<form action=\"https:\/\/www.kulturinderkirche.ch\/wordpress\/index.php?rest_route=%2Fwp%2Fv2%2Fpages%2F1578#FSContact4\" id=\"fscf_form4\" method=\"post\">\r\n\n<div id=\"fscf_div_clear4_4\" style=\"clear:both;\">\n  <div id=\"fscf_div_field4_4\" style=\"clear:left; float:left; width:99%; max-width:680px; margin-right:10px;\">\n    <div  id=\"fscf_label4_4\" style=\"width:138px; float:left; clear:left; text-align:left; padding-top:8px; padding-right:10px;\">\r\n      <label style=\"text-align:left;\" for=\"fscf_field4_4\">Anz. Erwachsene:<span style=\"text-align:left;\">*<\/span><\/label>\n    <\/div>\n    <div style=\"text-align:left; float:left; padding-top:10px;\">\n      <select style=\"text-align:left; margin:0; width:99%; max-width:680px;\" id=\"fscf_field4_4\" name=\"Anzahl-Gutscheine01[]\">\n        <option value=\"\"><\/option>\n        <option value=\"1\">0<\/option>\n        <option value=\"2\">1<\/option>\n        <option value=\"3\">2<\/option>\n        <option value=\"4\">3<\/option>\n        <option value=\"5\">4<\/option>\n        <option value=\"6\">5<\/option>\n        <option value=\"7\">6<\/option>\n        <option value=\"8\">7<\/option>\n        <option value=\"9\">8<\/option>\n        <option value=\"10\">9<\/option>\n        <option value=\"11\">10<\/option>\n        <option value=\"12\">11<\/option>\n        <option value=\"13\">12<\/option>\n        <option value=\"14\">13<\/option>\n        <option value=\"15\">14<\/option>\n        <option value=\"16\">15<\/option>\n        <option value=\"17\">16<\/option>\n        <option value=\"18\">17<\/option>\n        <option value=\"19\">18<\/option>\n        <option value=\"20\">19<\/option>\n        <option value=\"21\">20<\/option>\n      <\/select>\n    <\/div>\n  <\/div>\n<\/div>\n\n<div id=\"fscf_div_clear4_9\" style=\"clear:both;\">\n  <div id=\"fscf_div_field4_9\" style=\"clear:left; float:left; width:99%; max-width:680px; margin-right:10px;\">\n    <div  id=\"fscf_label4_9\" style=\"width:138px; float:left; clear:left; text-align:left; padding-top:8px; padding-right:10px;\">\r\n      <label style=\"text-align:left;\" for=\"fscf_field4_9\">Anz. Jugendliche:<span style=\"text-align:left;\">*<\/span><\/label>\n    <\/div>\n    <div style=\"text-align:left; float:left; padding-top:10px;\">\n      <select style=\"text-align:left; margin:0; width:99%; max-width:680px;\" id=\"fscf_field4_9\" name=\"Anz-Jugendliche[]\">\n        <option value=\"\"><\/option>\n        <option value=\"1\">0<\/option>\n        <option value=\"2\">1<\/option>\n        <option value=\"3\">2<\/option>\n        <option value=\"4\">3<\/option>\n        <option value=\"5\">4<\/option>\n        <option value=\"6\">5<\/option>\n        <option value=\"7\">6<\/option>\n        <option value=\"8\">7<\/option>\n        <option value=\"9\">8<\/option>\n        <option value=\"10\">9<\/option>\n        <option value=\"11\">10<\/option>\n        <option value=\"12\">11<\/option>\n        <option value=\"13\">12<\/option>\n        <option value=\"14\">13<\/option>\n        <option value=\"15\">14<\/option>\n        <option value=\"16\">15<\/option>\n        <option value=\"17\">16<\/option>\n        <option value=\"18\">17<\/option>\n        <option value=\"19\">18<\/option>\n        <option value=\"20\">19<\/option>\n        <option value=\"21\">20<\/option>\n      <\/select>\n    <\/div>\n  <\/div>\n<\/div>\n\n<div id=\"fscf_div_clear4_0\" style=\"clear:both;\">\n  <div id=\"fscf_div_field4_0\" style=\"clear:left; float:left; width:99%; max-width:680px; margin-right:10px;\">\r\n    <div style=\"width:138px; float:left; clear:left; text-align:left; padding-top:8px; padding-right:10px;\">\n      <label style=\"text-align:left;\" for=\"fscf_name4\">Vorname\/Name:<span style=\"text-align:left;\">*<\/span><\/label>\n    <\/div>\r\n    <div style=\"text-align:left; float:left; padding-top:10px;\">\r\n      <input style=\"text-align:left; margin:0; width:99%; max-width:680px;\" type=\"text\" id=\"fscf_name4\" name=\"full_name\" value=\"\"  \/>\r\n    <\/div>\r\n  <\/div>\n<\/div>\n\n<div id=\"fscf_div_clear4_7\" style=\"clear:both;\">\n  <div id=\"fscf_div_field4_7\" style=\"clear:left; float:left; width:99%; max-width:680px; margin-right:10px;\">\n    <div  id=\"fscf_label4_7\" style=\"width:138px; float:left; clear:left; text-align:left; padding-top:8px; padding-right:10px;\">\r\n      <label style=\"text-align:left;\" for=\"fscf_field4_7\">Strasse\/Nr:<span style=\"text-align:left;\">*<\/span><\/label>\n    <\/div>\n    <div style=\"text-align:left; float:left; padding-top:10px;\">\n      <input style=\"text-align:left; margin:0; width:99%; max-width:680px;\" type=\"text\" id=\"fscf_field4_7\" name=\"StrasseNr\" value=\"\"  \/>\n    <\/div>\n  <\/div>\n<\/div>\n\n<div id=\"fscf_div_clear4_8\" style=\"clear:both;\">\n  <div id=\"fscf_div_field4_8\" style=\"clear:left; float:left; width:99%; max-width:680px; margin-right:10px;\">\n    <div  id=\"fscf_label4_8\" style=\"width:138px; float:left; clear:left; text-align:left; padding-top:8px; padding-right:10px;\">\r\n      <label style=\"text-align:left;\" for=\"fscf_field4_8\">PLZ\/Ort:<span style=\"text-align:left;\">*<\/span><\/label>\n    <\/div>\n    <div style=\"text-align:left; float:left; padding-top:10px;\">\n      <input style=\"text-align:left; margin:0; width:99%; max-width:680px;\" type=\"text\" id=\"fscf_field4_8\" name=\"PLZOrt\" value=\"\"  \/>\n    <\/div>\n  <\/div>\n<\/div>\n\n<div id=\"fscf_div_clear4_1\" style=\"clear:both;\">\n  <div id=\"fscf_div_field4_1\" style=\"clear:left; float:left; width:99%; max-width:680px; margin-right:10px;\">\n    <div style=\"width:138px; float:left; clear:left; text-align:left; padding-top:8px; padding-right:10px;\">\n      <label style=\"text-align:left;\" for=\"fscf_email4\">Email:<span style=\"text-align:left;\">*<\/span><\/label>\n    <\/div>\n    <div style=\"text-align:left; float:left; padding-top:10px;\">\n      <input style=\"text-align:left; margin:0; width:99%; max-width:680px;\" type=\"text\" id=\"fscf_email4\" name=\"email\" value=\"\"  \/>\n    <\/div>\n  <\/div>\n<\/div>\n\n<div id=\"fscf_div_clear4_6\" style=\"clear:both;\">\n  <div id=\"fscf_div_field4_6\" style=\"clear:left; float:left; width:99%; max-width:680px; margin-right:10px;\">\n    <div  id=\"fscf_label4_6\" style=\"width:138px; float:left; clear:left; text-align:left; padding-top:8px; padding-right:10px;\">\r\n      <label style=\"text-align:left;\" for=\"fscf_field4_6\">Nachricht:<\/label>\n    <\/div>\n    <div style=\"text-align:left; float:left; padding-top:10px;\">\n      <textarea style=\"text-align:left; margin:0; width:99%; max-width:680px; height:80px;\" id=\"fscf_field4_6\" name=\"message02\" cols=\"30\" rows=\"10\" ><\/textarea>\n    <\/div>\n  <\/div>\n<\/div>\r\n<div style=\"clear:both;\"><\/div>\n\n<div style=\"width:138px; float:left; clear:left; text-align:left; padding-top:8px; padding-right:10px;\">\n<\/div>\n<div id=\"fscf_captcha_image_div4\" style=\"float:left; width:220px; height:65px; padding-top:5px;\">\n      <img loading=\"lazy\" decoding=\"async\" id=\"fscf_captcha_image4\" style=\"border-style:none; margin:0; padding:0px; padding-right:5px; float:left;\" src=\"https:\/\/www.kulturinderkirche.ch\/wordpress\/wp-content\/plugins\/si-contact-form\/captcha\/securimage_show.php?prefix=P2uzAUTuBsKFN1ox\" width=\"175\" height=\"60\" alt=\"CAPTCHA\" title=\"CAPTCHA\" \/>\n      <input id=\"fscf_captcha_prefix4\" type=\"hidden\" name=\"fscf_captcha_prefix4\" value=\"P2uzAUTuBsKFN1ox\" \/>\n     <div id=\"fscf_captcha_refresh4\">\n        <a href=\"#\" rel=\"nofollow\" title=\"Refresh\" onclick=\"fscf_captcha_refresh('4','\/wordpress\/wp-content\/plugins\/si-contact-form\/captcha','https:\/\/www.kulturinderkirche.ch\/wordpress\/wp-content\/plugins\/si-contact-form\/captcha\/securimage_show.php?prefix='); return false;\">\n        <img loading=\"lazy\" decoding=\"async\" src=\"https:\/\/www.kulturinderkirche.ch\/wordpress\/wp-content\/plugins\/si-contact-form\/captcha\/images\/refresh.png\" width=\"22\" height=\"20\" alt=\"Refresh\" style=\"float:left; border-style:none; margin:0; padding:0px; vertical-align:top;\" onclick=\"this.blur();\" \/><\/a>\r\n     <\/div>\r\n<\/div>\r\n\r\n<div id=\"fscf_captcha_field4\" style=\"width:138px; float:left; clear:left; text-align:left; padding-top:8px; padding-right:10px;\">\r\n     <label style=\"text-align:left;\" for=\"fscf_captcha_code4\">CAPTCHA Code:<span style=\"text-align:left;\">*<\/span><\/label>\r\n<\/div>\r\n<div style=\"text-align:left; float:left; padding-top:10px;\">\n     <input style=\"text-align:left; margin:0; max-width:70px;\" type=\"text\" value=\"\" autocomplete=\"off\" id=\"fscf_captcha_code4\" name=\"captcha_code\"  \/>\n<\/div>\n\n<div id=\"fscf_submit_div4\" style=\"padding-left:146px; float:left; clear:left; text-align:left; padding-top:15px;\">\r\n\t\t<input type=\"submit\" id=\"fscf_submit4\" style=\"cursor:pointer; margin:0;\" value=\"Submit\"  onclick=\"this.disabled=true; this.value='Submitting...'; this.form.submit();\" \/> \n<\/div>\n\n<input type=\"hidden\" name=\"fscf_submitted\" value=\"0\" \/>\n<input type=\"hidden\" name=\"fs_postonce_4\" value=\"413ea0c421aec03b13c57d38e922cd59,1776866476\" \/>\n<input type=\"hidden\" name=\"si_contact_action\" value=\"send\" \/>\n<input type=\"hidden\" name=\"form_id\" value=\"4\" \/>\n<input type=\"hidden\" name=\"mailto_id\" value=\"1\" \/>\n\n<\/form>\n<\/div>\r\n<div style=\"clear:both;\"><\/div>\n\n<!-- Fast Secure Contact Form plugin 4.0.52 - end - FastSecureContactForm.com -->\n<\/p>\n<p>* erforderliche Angaben<br \/>\n<br \/>&nbsp;<br \/>\nAlternativ zum Online-Formular k\u00f6nnen Sie uns auch eine Email mit allen Angaben senden an:<br \/>\n<noscript>(nur sichtbar mit JavaScript)<\/noscript><script type=\"text\/javascript\">\nvar map7 = \"&#64;&#107;&#117;&#108;&#116;&#117;&#114;\";\nvar map2 = \"mai\";\nvar map5 = \"ti&#99;k\";\nvar map3 = \"kirche.c\";\nvar map4 = \"e&#116;s\";\nvar map6 = \"in\";\nvar map0 = \"mast\";\nvar map1 = \"der\";\nvar mafu = map5+map4+map7+map6+map1+map3+\"h\"\ndocument.write(\"<a href=\"+map2+\"&#108;&#116;&#111;&#58;\"+mafu+\">\"+mafu+\"<\/a>\");\n<\/script><br \/>\n<br \/>&nbsp;<br \/>\n<br \/>&nbsp;<br \/>\n<br \/>&nbsp;<\/p>\n","protected":false},"excerpt":{"rendered":"<p>M\u00f6chten Sie jemandem eine kulturelle Freude bereiten? Dann verschenken Sie doch Gutscheine f\u00fcr Eintritte zu unseren Anl\u00e4ssen. Die Gutscheine sind unpers\u00f6nlich und k\u00f6nnen an einem beliebigen Anlass an der Abendkasse eingel\u00f6st werden. &nbsp; &nbsp; Allgemeine Infos Die Gutscheine k\u00f6nnen jeweils direkt an der Abendkasse eingel\u00f6st werden. Sie sind 5 Jahre g\u00fcltig, unpers\u00f6nlich und somit frei [&hellip;]<\/p>\n","protected":false},"author":1,"featured_media":0,"parent":0,"menu_order":4,"comment_status":"closed","ping_status":"closed","template":"","meta":{"footnotes":""},"class_list":["post-1578","page","type-page","status-publish","hentry"],"aioseo_notices":[],"_links":{"self":[{"href":"https:\/\/www.kulturinderkirche.ch\/wordpress\/index.php?rest_route=\/wp\/v2\/pages\/1578","targetHints":{"allow":["GET"]}}],"collection":[{"href":"https:\/\/www.kulturinderkirche.ch\/wordpress\/index.php?rest_route=\/wp\/v2\/pages"}],"about":[{"href":"https:\/\/www.kulturinderkirche.ch\/wordpress\/index.php?rest_route=\/wp\/v2\/types\/page"}],"author":[{"embeddable":true,"href":"https:\/\/www.kulturinderkirche.ch\/wordpress\/index.php?rest_route=\/wp\/v2\/users\/1"}],"replies":[{"embeddable":true,"href":"https:\/\/www.kulturinderkirche.ch\/wordpress\/index.php?rest_route=%2Fwp%2Fv2%2Fcomments&post=1578"}],"version-history":[{"count":35,"href":"https:\/\/www.kulturinderkirche.ch\/wordpress\/index.php?rest_route=\/wp\/v2\/pages\/1578\/revisions"}],"predecessor-version":[{"id":1642,"href":"https:\/\/www.kulturinderkirche.ch\/wordpress\/index.php?rest_route=\/wp\/v2\/pages\/1578\/revisions\/1642"}],"wp:attachment":[{"href":"https:\/\/www.kulturinderkirche.ch\/wordpress\/index.php?rest_route=%2Fwp%2Fv2%2Fmedia&parent=1578"}],"curies":[{"name":"wp","href":"https:\/\/api.w.org\/{rel}","templated":true}]}}