{"id":19,"date":"2014-05-27T19:46:34","date_gmt":"2014-05-27T17:46:34","guid":{"rendered":"http:\/\/kulturinderkirche.ch\/wordpress\/?page_id=19"},"modified":"2026-04-21T18:17:58","modified_gmt":"2026-04-21T16:17:58","slug":"tickets-2-2-2-2","status":"publish","type":"page","link":"https:\/\/www.kulturinderkirche.ch\/wordpress\/?page_id=19","title":{"rendered":"TICKETS"},"content":{"rendered":"<h3><a name=\"#a1\">Preise<\/a><\/h3>\n<p>Erwachsene 25.-<br \/>\nJugendliche bis 18 J., Sch\u00fcler &#038; Studenten 15.-<br \/>\n&nbsp;<br \/>\nMatin\u00e9e: Kollekte<br \/>\n&nbsp;<\/p>\n<h3><a name=\"#a2\">T\u00fcr\u00f6ffnung \/ Abendkasse<\/a><\/h3>\n<p>T\u00fcr- und Kassen\u00f6ffnung ist 1h vor Beginn. Die Pl\u00e4tze sind nicht nummeriert. Es besteht freie Platzwahl.<br \/>\nEs stehen 140 Pl\u00e4tze zur Reservation zur Verf\u00fcgung, mit etwas Gl\u00fcck bekommen spontane G\u00e4ste auch an der Abendkassse noch ein Ticket. Die Bezahlung ist in bar, mit TWINT oder kontaktlos mit allen g\u00e4ngigen EC- und Kreditkarten m\u00f6glich.<br \/>\n&nbsp;<\/p>\n<h3><a name=\"#a3\">Reservationen<\/a><\/h3>\n<p>F\u00fcr den Anlass vom 24.04.2026 nehmen wir keine Reservationen mehr entgegen.<\/p>\n<p>&nbsp;<br \/>\n&nbsp;<br \/>\n&nbsp;<br \/>\n&nbsp;<\/p>\n","protected":false},"excerpt":{"rendered":"<p>Preise Erwachsene 25.- Jugendliche bis 18 J., Sch\u00fcler &#038; Studenten 15.- &nbsp; Matin\u00e9e: Kollekte &nbsp; T\u00fcr\u00f6ffnung \/ Abendkasse T\u00fcr- und Kassen\u00f6ffnung ist 1h vor Beginn. Die Pl\u00e4tze sind nicht nummeriert. Es besteht freie Platzwahl. Es stehen 140 Pl\u00e4tze zur Reservation zur Verf\u00fcgung, mit etwas Gl\u00fcck bekommen spontane G\u00e4ste auch an der Abendkassse noch ein Ticket. [&hellip;]<\/p>\n","protected":false},"author":1,"featured_media":0,"parent":0,"menu_order":4,"comment_status":"closed","ping_status":"closed","template":"","meta":{"footnotes":""},"class_list":["post-19","page","type-page","status-publish","hentry"],"aioseo_notices":[],"_links":{"self":[{"href":"https:\/\/www.kulturinderkirche.ch\/wordpress\/index.php?rest_route=\/wp\/v2\/pages\/19","targetHints":{"allow":["GET"]}}],"collection":[{"href":"https:\/\/www.kulturinderkirche.ch\/wordpress\/index.php?rest_route=\/wp\/v2\/pages"}],"about":[{"href":"https:\/\/www.kulturinderkirche.ch\/wordpress\/index.php?rest_route=\/wp\/v2\/types\/page"}],"author":[{"embeddable":true,"href":"https:\/\/www.kulturinderkirche.ch\/wordpress\/index.php?rest_route=\/wp\/v2\/users\/1"}],"replies":[{"embeddable":true,"href":"https:\/\/www.kulturinderkirche.ch\/wordpress\/index.php?rest_route=%2Fwp%2Fv2%2Fcomments&post=19"}],"version-history":[{"count":176,"href":"https:\/\/www.kulturinderkirche.ch\/wordpress\/index.php?rest_route=\/wp\/v2\/pages\/19\/revisions"}],"predecessor-version":[{"id":3105,"href":"https:\/\/www.kulturinderkirche.ch\/wordpress\/index.php?rest_route=\/wp\/v2\/pages\/19\/revisions\/3105"}],"wp:attachment":[{"href":"https:\/\/www.kulturinderkirche.ch\/wordpress\/index.php?rest_route=%2Fwp%2Fv2%2Fmedia&parent=19"}],"curies":[{"name":"wp","href":"https:\/\/api.w.org\/{rel}","templated":true}]}}