{"id":840,"date":"2014-06-16T16:10:07","date_gmt":"2014-06-16T14:10:07","guid":{"rendered":"http:\/\/kulturinderkirche.ch\/wordpress\/?page_id=840"},"modified":"2025-04-12T10:14:14","modified_gmt":"2025-04-12T08:14:14","slug":"home-2","status":"publish","type":"page","link":"https:\/\/www.kulturinderkirche.ch\/wordpress\/","title":{"rendered":"Kultur in der Kirche"},"content":{"rendered":"<p><nimg class=\"alignleft size-full wp-image-643\" src=\"https:\/\/www.kulturinderkirche.ch\/wordpress\/wp-content\/images\/2024_25\/25Jahre.jpg\" alt=\"Jubilee\" width=\"250\" height=\"250\"><\/h3>\n<p>&nbsp;<br \/>\n<b><i>&#8221; Kultur in der Kirche hat zum Ziel, in der neuen Reformierten Kirche D\u00fcdingen ein Angebot f\u00fcr die ganze Gesellschaft zur Verf\u00fcgung zu stellen. Damit wollen wir die reformierten Kirchent\u00fcren weit \u00f6ffnen. &#8220;<\/i><\/b><\/p>\n<p>&nbsp;<br \/>\nZitat von Initiator Pfarrer Lorenz H\u00e4nni, Nov. 2003<\/p>\n<p>&nbsp;<\/p>\n<p>&nbsp;<br \/>\nDie T\u00fcren lassen sich in der Tat weit \u00f6ffnen, ganze W\u00e4nde k\u00f6nnen verschoben werden und die Bestuhlung l\u00e4sst sich dem Anlass anpassen. Die mobile B\u00fchne, Scheinwerfer und ein passendes Wandtuch erledigen den Rest und flugs wird aus dem Kirchenraum eine Kulturb\u00fchne. Egal, ob ein Kleinstanlass mit 30 Besuchern oder mit Vollbesetzung &#8211; eine angenehme Atmosph\u00e4re ist garantiert.<br \/>\n<br style=\"clear: left;\" \/><br \/>\nWas einstmals als gewagter Versuch begann, hat sich gut entwickelt und ist zu einem gesch\u00e4tzten Teil des kulturellen Angebots in unserer Gemeinde geworden. Zahlreiche Besucherinnen und Besucher kommen als Stammg\u00e4ste immer wieder gerne an die Vorstellungen und treffen dabei ab und zu auch auf Unbekanntes und Unerwartetes.<br \/>\nWir bem\u00fchen uns, Jahr f\u00fcr Jahr ein attraktives Programm zu bieten und engagieren dabei auch mal K\u00fcnstler abseits des Mainstreams, was dann meist zu neuen und spannenden Begegnungen f\u00fchren kann und auch unsere inneren T\u00fcren ein St\u00fcck \u00f6ffnet.<\/p>\n<p>&nbsp;<\/p>\n<p>&nbsp;<\/p>\n<p>&nbsp;<\/p>\n","protected":false},"excerpt":{"rendered":"<p>&nbsp; &#8221; Kultur in der Kirche hat zum Ziel, in der neuen Reformierten Kirche D\u00fcdingen ein Angebot f\u00fcr die ganze Gesellschaft zur Verf\u00fcgung zu stellen. Damit wollen wir die reformierten Kirchent\u00fcren weit \u00f6ffnen. &#8220; &nbsp; Zitat von Initiator Pfarrer Lorenz H\u00e4nni, Nov. 2003 &nbsp; &nbsp; Die T\u00fcren lassen sich in der Tat weit \u00f6ffnen, ganze [&hellip;]<\/p>\n","protected":false},"author":1,"featured_media":0,"parent":0,"menu_order":0,"comment_status":"closed","ping_status":"open","template":"","meta":{"footnotes":""},"class_list":["post-840","page","type-page","status-publish","hentry"],"aioseo_notices":[],"_links":{"self":[{"href":"https:\/\/www.kulturinderkirche.ch\/wordpress\/index.php?rest_route=\/wp\/v2\/pages\/840","targetHints":{"allow":["GET"]}}],"collection":[{"href":"https:\/\/www.kulturinderkirche.ch\/wordpress\/index.php?rest_route=\/wp\/v2\/pages"}],"about":[{"href":"https:\/\/www.kulturinderkirche.ch\/wordpress\/index.php?rest_route=\/wp\/v2\/types\/page"}],"author":[{"embeddable":true,"href":"https:\/\/www.kulturinderkirche.ch\/wordpress\/index.php?rest_route=\/wp\/v2\/users\/1"}],"replies":[{"embeddable":true,"href":"https:\/\/www.kulturinderkirche.ch\/wordpress\/index.php?rest_route=%2Fwp%2Fv2%2Fcomments&post=840"}],"version-history":[{"count":52,"href":"https:\/\/www.kulturinderkirche.ch\/wordpress\/index.php?rest_route=\/wp\/v2\/pages\/840\/revisions"}],"predecessor-version":[{"id":3029,"href":"https:\/\/www.kulturinderkirche.ch\/wordpress\/index.php?rest_route=\/wp\/v2\/pages\/840\/revisions\/3029"}],"wp:attachment":[{"href":"https:\/\/www.kulturinderkirche.ch\/wordpress\/index.php?rest_route=%2Fwp%2Fv2%2Fmedia&parent=840"}],"curies":[{"name":"wp","href":"https:\/\/api.w.org\/{rel}","templated":true}]}}