{"id":843,"date":"2014-06-10T23:45:44","date_gmt":"2014-06-10T21:45:44","guid":{"rendered":"http:\/\/kulturinderkirche.ch\/wordpress\/?page_id=843"},"modified":"2025-02-23T19:08:39","modified_gmt":"2025-02-23T18:08:39","slug":"ueber-uns-2","status":"publish","type":"page","link":"https:\/\/www.kulturinderkirche.ch\/wordpress\/?page_id=843","title":{"rendered":"\u00dcBER UNS"},"content":{"rendered":"<h3><a name=\"#a1\"><\/a>Wir sind &#8230;<\/h3>\n<p>J\u00fcre Antener (Gr\u00fcndungsmitglied)<br \/>\nJ\u00fcrg Reber<br \/>\nElisabeth Kolly-Bapst<br \/>\nNathalie B\u00e4chler<br \/>\nSeverin Birbaum<br \/>\nIsabelle Schaller-Gilg<br \/>\nIsabelle Hayoz<\/p>\n<p>&nbsp;<\/p>\n<h3><a name=\"#a2\"><\/a>Organisation<\/h3>\n<p>Die Arbeitsgruppe &#8220;Kultur in der Kirche&#8221; wurde im Jahr 2000 ins Leben gerufen und arbeitet ehrenamtlich. Sie organisiert sich selbst und ist finanziell selbsttragend. Die Einnahmen setzen sich zusammen aus Billettverk\u00e4ufen, den Sposorenbeitr\u00e4gen sowie den G\u00f6nner-Beitr\u00e4gen. Die rechtliche Form ist die einfache Gesellschaft.<\/p>\n<p>&nbsp;<\/p>\n<h3><a name=\"#a3\"><\/a>Programmgestaltung<\/h3>\n<p>Kultur in der Kirche bietet eine Plattform f\u00fcr K\u00fcnstlerinnen und K\u00fcnstler der Kleinkunstszene. Damit stellt sie eine Erg\u00e4nzung zu den anderen kulturellen Angeboten in unserer Gemeinde dar. In der Programmgestaltung ist Kultur in der Kirche autonom. Die Saison dauert von November bis April und beginnt traditionellerweise am Kilbi-Sonntag mit einem Matin\u00e9e-Konzert.<\/p>\n<p>&nbsp;<\/p>\n<h3><a name=\"#a4\"><\/a>Webpage<\/h3>\n<p>Zur Jubil\u00e4umssaison 2014\/15 haben wir eine eigene Webpage geschaffen. Wir wollen damit unser Kulturangebot besser und einfacher pr\u00e4sentieren. Die Realisierung erfolgte in ehrenamtlicher Eigenregie, damit die Finanzen weiterhin vollumf\u00e4nglich dem Kulturprogramm zur Verf\u00fcgung stehen.<\/p>\n<p>&nbsp;<br \/>\n&nbsp;<br \/>\n&nbsp;<br \/>\n&nbsp;<br \/>\n&nbsp;<br \/>\n&nbsp;<\/p>\n","protected":false},"excerpt":{"rendered":"<p>Wir sind &#8230; J\u00fcre Antener (Gr\u00fcndungsmitglied) J\u00fcrg Reber Elisabeth Kolly-Bapst Nathalie B\u00e4chler Severin Birbaum Isabelle Schaller-Gilg Isabelle Hayoz &nbsp; Organisation Die Arbeitsgruppe &#8220;Kultur in der Kirche&#8221; wurde im Jahr 2000 ins Leben gerufen und arbeitet ehrenamtlich. Sie organisiert sich selbst und ist finanziell selbsttragend. Die Einnahmen setzen sich zusammen aus Billettverk\u00e4ufen, den Sposorenbeitr\u00e4gen sowie den [&hellip;]<\/p>\n","protected":false},"author":1,"featured_media":0,"parent":0,"menu_order":0,"comment_status":"closed","ping_status":"open","template":"","meta":{"footnotes":""},"class_list":["post-843","page","type-page","status-publish","hentry"],"aioseo_notices":[],"_links":{"self":[{"href":"https:\/\/www.kulturinderkirche.ch\/wordpress\/index.php?rest_route=\/wp\/v2\/pages\/843","targetHints":{"allow":["GET"]}}],"collection":[{"href":"https:\/\/www.kulturinderkirche.ch\/wordpress\/index.php?rest_route=\/wp\/v2\/pages"}],"about":[{"href":"https:\/\/www.kulturinderkirche.ch\/wordpress\/index.php?rest_route=\/wp\/v2\/types\/page"}],"author":[{"embeddable":true,"href":"https:\/\/www.kulturinderkirche.ch\/wordpress\/index.php?rest_route=\/wp\/v2\/users\/1"}],"replies":[{"embeddable":true,"href":"https:\/\/www.kulturinderkirche.ch\/wordpress\/index.php?rest_route=%2Fwp%2Fv2%2Fcomments&post=843"}],"version-history":[{"count":53,"href":"https:\/\/www.kulturinderkirche.ch\/wordpress\/index.php?rest_route=\/wp\/v2\/pages\/843\/revisions"}],"predecessor-version":[{"id":2992,"href":"https:\/\/www.kulturinderkirche.ch\/wordpress\/index.php?rest_route=\/wp\/v2\/pages\/843\/revisions\/2992"}],"wp:attachment":[{"href":"https:\/\/www.kulturinderkirche.ch\/wordpress\/index.php?rest_route=%2Fwp%2Fv2%2Fmedia&parent=843"}],"curies":[{"name":"wp","href":"https:\/\/api.w.org\/{rel}","templated":true}]}}